{"id":201,"date":"2022-07-27T12:05:20","date_gmt":"2022-07-27T10:05:20","guid":{"rendered":"http:\/\/moulindeladive.com\/?page_id=201"},"modified":"2022-07-27T12:05:20","modified_gmt":"2022-07-27T10:05:20","slug":"mentions-legales","status":"publish","type":"page","link":"https:\/\/moulindeladive.com\/?page_id=201","title":{"rendered":"Mentions l\u00e9gales"},"content":{"rendered":"\n<p><strong>MOULIN DE GURON<\/strong>\u00a0<\/p>\n\n\n\n<p>&nbsp;SARL au capital de 1000 \u20ac immatricul\u00e9e au RCS de Poitiers&nbsp;sous le num\u00e9ro 494&nbsp;277 403&nbsp;<\/p>\n\n\n\n<p>&nbsp;10, Guron- Payr\u00e9 &#8211; 86700 Valence en Poitou \u2013 05.49.03.10.69<\/p>\n\n\n\n<p>&nbsp;Publication\/r\u00e9daction: Sophie Georgel<\/p>\n\n\n\n<p>\u00a0<strong>H\u00e9bergement\u00a0:\u00a0OVH SAS<\/strong><\/p>\n\n\n\n<p>&nbsp;SAS au capital de 10 069 020 \u20ac<br>&nbsp;RCS Lille M\u00e9tropole 424 761 419 00045<br>&nbsp;Code APE 2620Z<br>&nbsp;N\u00b0 TVA : FR 22 424 761 419<br>&nbsp;Si\u00e8ge social : 2 rue Kellermann &#8211; 59100 Roubaix &#8211; France<\/p>\n\n\n\n<p>&nbsp;OVH SAS est une filiale de la soci\u00e9t\u00e9 OVH Groupe SAS, soci\u00e9t\u00e9 immatricul\u00e9e au RCS de Lille sous le num\u00e9ro 537 407 926 sise 2, rue Kellermann, 59100 Roubaix.<\/p>\n","protected":false},"excerpt":{"rendered":"<p>MOULIN DE GURON\u00a0 &nbsp;SARL au capital de 1000 \u20ac immatricul\u00e9e au RCS de Poitiers&nbsp;sous le num\u00e9ro 494&nbsp;277 403&nbsp; &nbsp;10, Guron- Payr\u00e9 &#8211; 86700 Valence en Poitou \u2013 05.49.03.10.69 &nbsp;Publication\/r\u00e9daction: Sophie Georgel \u00a0H\u00e9bergement\u00a0:\u00a0OVH SAS &nbsp;SAS au capital de 10 069 020 \u20ac&nbsp;RCS Lille M\u00e9tropole 424 761 419 00045&nbsp;Code APE 2620Z&nbsp;N\u00b0 TVA : FR 22 424 761&hellip; <br \/> <a class=\"read-more\" href=\"https:\/\/moulindeladive.com\/?page_id=201\">Lire la suite<\/a><\/p>\n","protected":false},"author":1,"featured_media":0,"parent":0,"menu_order":0,"comment_status":"closed","ping_status":"closed","template":"","meta":{"footnotes":""},"class_list":["post-201","page","type-page","status-publish","hentry"],"_links":{"self":[{"href":"https:\/\/moulindeladive.com\/index.php?rest_route=\/wp\/v2\/pages\/201","targetHints":{"allow":["GET"]}}],"collection":[{"href":"https:\/\/moulindeladive.com\/index.php?rest_route=\/wp\/v2\/pages"}],"about":[{"href":"https:\/\/moulindeladive.com\/index.php?rest_route=\/wp\/v2\/types\/page"}],"author":[{"embeddable":true,"href":"https:\/\/moulindeladive.com\/index.php?rest_route=\/wp\/v2\/users\/1"}],"replies":[{"embeddable":true,"href":"https:\/\/moulindeladive.com\/index.php?rest_route=%2Fwp%2Fv2%2Fcomments&post=201"}],"version-history":[{"count":1,"href":"https:\/\/moulindeladive.com\/index.php?rest_route=\/wp\/v2\/pages\/201\/revisions"}],"predecessor-version":[{"id":203,"href":"https:\/\/moulindeladive.com\/index.php?rest_route=\/wp\/v2\/pages\/201\/revisions\/203"}],"wp:attachment":[{"href":"https:\/\/moulindeladive.com\/index.php?rest_route=%2Fwp%2Fv2%2Fmedia&parent=201"}],"curies":[{"name":"wp","href":"https:\/\/api.w.org\/{rel}","templated":true}]}}