{"id":212,"date":"2022-07-27T18:45:57","date_gmt":"2022-07-27T16:45:57","guid":{"rendered":"https:\/\/moulindeladive.com\/?page_id=212"},"modified":"2022-07-28T09:55:15","modified_gmt":"2022-07-28T07:55:15","slug":"activites","status":"publish","type":"page","link":"https:\/\/moulindeladive.com\/?page_id=212","title":{"rendered":"Activit\u00e9s"},"content":{"rendered":"\n<p class=\"has-black-color has-text-color has-medium-font-size\">&#8211;&nbsp;Nombreux chemins de&nbsp;<strong>randonn\u00e9es<\/strong>&nbsp;balis\u00e9s sur place &#8211;&nbsp;<strong>p\u00eache<\/strong>&nbsp;et&nbsp;<strong>cano\u00eb<\/strong>&nbsp;\u00e0 proximit\u00e9<\/p>\n\n\n\n<p class=\"has-black-color has-text-color has-medium-font-size\">&#8211; Plusieurs circuits de <strong>geocaching<\/strong> tr\u00e8s proches avec <strong>terra aventura<\/strong> : <a href=\"https:\/\/www.terra-aventura.fr\/\" target=\"_blank\" rel=\"noreferrer noopener\">https:\/\/www.terra-aventura.fr\/<\/a><\/p>\n\n\n\n<p class=\"has-black-color has-text-color has-medium-font-size\">&#8211;&nbsp;<strong>Vall\u00e9e des singes<\/strong>&nbsp;\u00e0 15 minutes<\/p>\n\n\n\n<p class=\"has-black-color has-text-color has-medium-font-size\">&#8211;&nbsp;<strong>Futuroscope<\/strong>&nbsp;\u00e0 30 minutes<\/p>\n\n\n\n<p class=\"has-black-color has-text-color has-medium-font-size\">&#8211;&nbsp;<strong>Poitiers<\/strong>&nbsp;\u00e0 20 minutes<\/p>\n\n\n\n<p class=\"has-black-color has-text-color has-medium-font-size\">&#8211;&nbsp;<strong>Etangs<\/strong>&nbsp;de Payr\u00e9 et fontaine de&nbsp;<strong>Fontou<\/strong>&nbsp;\u00e0 5 minutes<\/p>\n\n\n\n<p class=\"has-black-color has-text-color has-medium-font-size\">&#8211;&nbsp;<strong>Marais Poitevin<\/strong>&nbsp;\u00e0 1H<\/p>\n\n\n\n<p class=\"has-black-color has-text-color has-medium-font-size\">&#8211;&nbsp;<strong>La Rochelle<\/strong>&nbsp;\u00e0 1H30<\/p>\n\n\n\n<p>\u00a0<img loading=\"lazy\" decoding=\"async\" width=\"200\" height=\"133\" class=\"wp-image-222\" style=\"width: 200px;\" src=\"https:\/\/moulindeladive.com\/wp-content\/uploads\/2022\/07\/Lemurien.jpg\" alt=\"\" srcset=\"https:\/\/moulindeladive.com\/wp-content\/uploads\/2022\/07\/Lemurien.jpg 640w, https:\/\/moulindeladive.com\/wp-content\/uploads\/2022\/07\/Lemurien-300x200.jpg 300w\" sizes=\"auto, (max-width: 200px) 100vw, 200px\" \/>  <img loading=\"lazy\" decoding=\"async\" width=\"180\" height=\"135\" class=\"wp-image-223\" style=\"width: 180px;\" src=\"https:\/\/moulindeladive.com\/wp-content\/uploads\/2022\/07\/Fontou640.jpg\" alt=\"\" srcset=\"https:\/\/moulindeladive.com\/wp-content\/uploads\/2022\/07\/Fontou640.jpg 640w, https:\/\/moulindeladive.com\/wp-content\/uploads\/2022\/07\/Fontou640-300x225.jpg 300w\" sizes=\"auto, (max-width: 180px) 100vw, 180px\" \/>  <img loading=\"lazy\" decoding=\"async\" width=\"191\" height=\"136\" class=\"wp-image-224\" style=\"width: 191px;\" src=\"https:\/\/moulindeladive.com\/wp-content\/uploads\/2022\/07\/futuroscope.jpg\" alt=\"\">  <img loading=\"lazy\" decoding=\"async\" width=\"210\" height=\"138\" class=\"wp-image-226\" style=\"width: 210px;\" src=\"https:\/\/moulindeladive.com\/wp-content\/uploads\/2022\/07\/poitiers.jpg\" alt=\"\" srcset=\"https:\/\/moulindeladive.com\/wp-content\/uploads\/2022\/07\/poitiers.jpg 387w, https:\/\/moulindeladive.com\/wp-content\/uploads\/2022\/07\/poitiers-300x197.jpg 300w\" sizes=\"auto, (max-width: 210px) 100vw, 210px\" \/><\/p>\n\n\n\n<p>\u00a0Et bien d&rsquo;autres lieux et activit\u00e9s \u00e0 d\u00e9couvrir sur les sites des offices de tourisme :<\/p>\n\n\n\n<ul class=\"has-black-color has-text-color has-medium-font-size wp-block-list\"><li>&nbsp;Office du tourisme de la Vienne&nbsp;:&nbsp;<a rel=\"noreferrer noopener\" href=\"https:\/\/www.tourisme-vienne.com\/\" target=\"_blank\">https:\/\/www.tourisme-vienne.com<\/a><\/li><li>&nbsp;Office du tourisme du Civraisien&nbsp;:<a rel=\"noreferrer noopener\" href=\"http:\/\/www.civraisiencharlois.com\/-Maison-du-Tourisme-\" target=\"_blank\">www.tourismecivraisienpoitou.com<\/a><\/li><li>&nbsp;Office du tourisme des deux S\u00e8vres&nbsp;:&nbsp;&nbsp;<a rel=\"noreferrer noopener\" href=\"https:\/\/www.tourisme-deux-sevres.com\/\" target=\"_blank\">https:\/\/www.tourisme-deux-sevres.com<\/a><\/li><\/ul>\n\n\n\n<p>&nbsp;<em>&nbsp;De la documentation est \u00e0 disposition dans les g\u00eetes et bien s\u00fbr nous vous conseillerons avec plaisir<\/em><\/p>\n","protected":false},"excerpt":{"rendered":"<p>&#8211;&nbsp;Nombreux chemins de&nbsp;randonn\u00e9es&nbsp;balis\u00e9s sur place &#8211;&nbsp;p\u00eache&nbsp;et&nbsp;cano\u00eb&nbsp;\u00e0 proximit\u00e9 &#8211; Plusieurs circuits de geocaching tr\u00e8s proches avec terra aventura : https:\/\/www.terra-aventura.fr\/ &#8211;&nbsp;Vall\u00e9e des singes&nbsp;\u00e0 15 minutes &#8211;&nbsp;Futuroscope&nbsp;\u00e0 30 minutes &#8211;&nbsp;Poitiers&nbsp;\u00e0 20 minutes &#8211;&nbsp;Etangs&nbsp;de Payr\u00e9 et fontaine de&nbsp;Fontou&nbsp;\u00e0 5 minutes &#8211;&nbsp;Marais Poitevin&nbsp;\u00e0 1H &#8211;&nbsp;La Rochelle&nbsp;\u00e0 1H30 \u00a0 \u00a0Et bien d&rsquo;autres lieux et activit\u00e9s \u00e0 d\u00e9couvrir sur les sites&hellip; <br \/> <a class=\"read-more\" href=\"https:\/\/moulindeladive.com\/?page_id=212\">Lire la suite<\/a><\/p>\n","protected":false},"author":1,"featured_media":0,"parent":0,"menu_order":0,"comment_status":"closed","ping_status":"closed","template":"","meta":{"footnotes":""},"class_list":["post-212","page","type-page","status-publish","hentry"],"_links":{"self":[{"href":"https:\/\/moulindeladive.com\/index.php?rest_route=\/wp\/v2\/pages\/212","targetHints":{"allow":["GET"]}}],"collection":[{"href":"https:\/\/moulindeladive.com\/index.php?rest_route=\/wp\/v2\/pages"}],"about":[{"href":"https:\/\/moulindeladive.com\/index.php?rest_route=\/wp\/v2\/types\/page"}],"author":[{"embeddable":true,"href":"https:\/\/moulindeladive.com\/index.php?rest_route=\/wp\/v2\/users\/1"}],"replies":[{"embeddable":true,"href":"https:\/\/moulindeladive.com\/index.php?rest_route=%2Fwp%2Fv2%2Fcomments&post=212"}],"version-history":[{"count":6,"href":"https:\/\/moulindeladive.com\/index.php?rest_route=\/wp\/v2\/pages\/212\/revisions"}],"predecessor-version":[{"id":227,"href":"https:\/\/moulindeladive.com\/index.php?rest_route=\/wp\/v2\/pages\/212\/revisions\/227"}],"wp:attachment":[{"href":"https:\/\/moulindeladive.com\/index.php?rest_route=%2Fwp%2Fv2%2Fmedia&parent=212"}],"curies":[{"name":"wp","href":"https:\/\/api.w.org\/{rel}","templated":true}]}}