{"id":34,"date":"2022-07-04T16:40:55","date_gmt":"2022-07-04T14:40:55","guid":{"rendered":"http:\/\/moulindeladive.com\/?page_id=34"},"modified":"2023-05-10T11:17:18","modified_gmt":"2023-05-10T09:17:18","slug":"gite-des-pierres-de-la-dive","status":"publish","type":"page","link":"https:\/\/moulindeladive.com\/?page_id=34","title":{"rendered":"Gite des pierres de la Dive"},"content":{"rendered":"\n<p class=\"has-black-color has-text-color has-medium-font-size\"><strong>Gite des pierres de la Dive pour 10 personnes<\/strong> <strong>****<\/strong>   <strong>4 \u00e9pis<\/strong><\/p>\n\n\n\n<p class=\"has-text-align-center\"> <img loading=\"lazy\" decoding=\"async\" width=\"70\" height=\"71\" class=\"wp-image-102\" style=\"width: 70px;\" src=\"https:\/\/moulindeladive.com\/wp-content\/uploads\/2022\/07\/logo_gites-de-france.png\" alt=\"\" srcset=\"https:\/\/moulindeladive.com\/wp-content\/uploads\/2022\/07\/logo_gites-de-france.png 234w, https:\/\/moulindeladive.com\/wp-content\/uploads\/2022\/07\/logo_gites-de-france-150x150.png 150w\" sizes=\"auto, (max-width: 70px) 100vw, 70px\" \/>     <img loading=\"lazy\" decoding=\"async\" width=\"150\" height=\"36\" class=\"wp-image-107\" style=\"width: 150px;\" src=\"https:\/\/moulindeladive.com\/wp-content\/uploads\/2022\/07\/logo_quad_T_H.jpg\" alt=\"\" srcset=\"https:\/\/moulindeladive.com\/wp-content\/uploads\/2022\/07\/logo_quad_T_H.jpg 487w, https:\/\/moulindeladive.com\/wp-content\/uploads\/2022\/07\/logo_quad_T_H-300x72.jpg 300w\" sizes=\"auto, (max-width: 150px) 100vw, 150px\" \/><\/p>\n\n\n\n<p> <img loading=\"lazy\" decoding=\"async\" width=\"1200\" height=\"895\" class=\"wp-image-120\" style=\"width: 1200px;\" src=\"https:\/\/moulindeladive.com\/wp-content\/uploads\/2022\/07\/facade_pierres-4.jpg\" alt=\"\" srcset=\"https:\/\/moulindeladive.com\/wp-content\/uploads\/2022\/07\/facade_pierres-4.jpg 1280w, https:\/\/moulindeladive.com\/wp-content\/uploads\/2022\/07\/facade_pierres-4-300x224.jpg 300w, https:\/\/moulindeladive.com\/wp-content\/uploads\/2022\/07\/facade_pierres-4-1024x764.jpg 1024w, https:\/\/moulindeladive.com\/wp-content\/uploads\/2022\/07\/facade_pierres-4-768x573.jpg 768w\" sizes=\"auto, (max-width: 1200px) 100vw, 1200px\" \/><\/p>\n\n\n\n<p><\/p>\n\n\n\n<p class=\"has-text-align-center has-black-color has-text-color has-medium-font-size\"><strong>130m2<\/strong> &#8211; <strong>10 personnes<\/strong> &#8211; <strong>5 chambres<\/strong> &#8211;   <strong>2 <img loading=\"lazy\" decoding=\"async\" width=\"50\" height=\"56\" class=\"wp-image-100\" style=\"width: 50px;\" src=\"https:\/\/moulindeladive.com\/wp-content\/uploads\/2022\/07\/logo_douche.png\" alt=\"\"> &#8211;   2 <img loading=\"lazy\" decoding=\"async\" width=\"40\" height=\"64\" class=\"wp-image-110\" style=\"width: 40px;\" src=\"https:\/\/moulindeladive.com\/wp-content\/uploads\/2022\/07\/logo_WC.png\" alt=\"\"> &#8211;   4 <img loading=\"lazy\" decoding=\"async\" width=\"40\" height=\"38\" class=\"wp-image-104\" style=\"width: 40px;\" src=\"https:\/\/moulindeladive.com\/wp-content\/uploads\/2022\/07\/logo_lit_simple.png\" alt=\"\"> 90X190  &#8211;   3 <img loading=\"lazy\" decoding=\"async\" width=\"50\" height=\"36\" class=\"wp-image-103\" style=\"width: 50px;\" src=\"https:\/\/moulindeladive.com\/wp-content\/uploads\/2022\/07\/logo_lit_double.png\" alt=\"\"> 140&#215;190<\/strong><\/p>\n\n\n\n<p class=\"has-text-align-center\"> <img loading=\"lazy\" decoding=\"async\" width=\"60\" height=\"79\" class=\"wp-image-106\" style=\"width: 60px;\" src=\"https:\/\/moulindeladive.com\/wp-content\/uploads\/2022\/07\/logo_LV.png\" alt=\"\"> <img loading=\"lazy\" decoding=\"async\" width=\"50\" height=\"78\" class=\"wp-image-105\" style=\"width: 50px;\" src=\"https:\/\/moulindeladive.com\/wp-content\/uploads\/2022\/07\/logo_LL.png\" alt=\"\"> <img loading=\"lazy\" decoding=\"async\" width=\"60\" height=\"56\" class=\"wp-image-111\" style=\"width: 60px;\" src=\"https:\/\/moulindeladive.com\/wp-content\/uploads\/2022\/07\/logo_wifi.png\" alt=\"\"> <img loading=\"lazy\" decoding=\"async\" width=\"50\" height=\"68\" class=\"wp-image-99\" style=\"width: 50px;\" src=\"https:\/\/moulindeladive.com\/wp-content\/uploads\/2022\/07\/logo_bebe.png\" alt=\"\"><img loading=\"lazy\" decoding=\"async\" width=\"50\" height=\"56\" class=\"wp-image-98\" style=\"width: 50px;\" src=\"https:\/\/moulindeladive.com\/wp-content\/uploads\/2022\/07\/logo_animaux.png\" alt=\"\"><\/p>\n\n\n\n<p class=\"has-text-align-center\"><\/p>\n\n\n\n<p class=\"has-text-align-center has-black-color has-text-color has-medium-font-size\">g\u00eete ind\u00e9pendant compos\u00e9 d&rsquo;un ensemble de 2 granges r\u00e9nov\u00e9es <\/p>\n\n\n\n<p class=\"has-text-align-center has-black-color has-text-color has-medium-font-size\"><br>am\u00e9nag\u00e9 sur deux niveaux reli\u00e9s par quelques marches il est compos\u00e9 d&rsquo;une grande pi\u00e8ce de vie comprenant une cuisine, une salle \u00e0 manger et un salon.<\/p>\n\n\n\n<p class=\"has-text-align-center has-black-color has-text-color has-medium-font-size\">C\u00f4t\u00e9 nuit : deux chambres (2 lits 90) et trois chambres (1 lit 140) dont une accessible, deux salles d&rsquo;eau dont une avec WC et des WC ind\u00e9pendants. <\/p>\n\n\n\n<p class=\"has-text-align-center has-black-color has-text-color has-medium-font-size\">Terrasse \u00e0 l&rsquo;arri\u00e8re avec jardinet clos, terrain arbor\u00e9 sur l&rsquo;avant<\/p>\n\n\n\n<p class=\"has-text-align-center has-black-color has-text-color has-medium-font-size\">\u00e0 partir de 380 \u20ac le week-end, nous consulter pour tarification<\/p>\n\n\n\n<p>\/<style type=\"text\/css\">\r\n\t#foogallery-gallery-169 .fg-image {\r\n        width: 150px;\r\n    }\r\n<\/style>\r\n\t\t\t\t<div class=\"foogallery foogallery-container foogallery-default foogallery-lightbox-foobox fg-gutter-10 fg-center fg-default fg-light fg-border-thin fg-shadow-outline fg-loading-default fg-loaded-fade-in fg-caption-hover fg-hover-fade fg-hover-zoom fg-ready\" id=\"foogallery-gallery-169\" data-foogallery=\"{&quot;item&quot;:{&quot;showCaptionTitle&quot;:true,&quot;showCaptionDescription&quot;:true},&quot;lazy&quot;:true}\" >\r\n\t<div class=\"fg-item fg-type-image fg-idle\"><figure class=\"fg-item-inner\"><a href=\"https:\/\/moulindeladive.com\/wp-content\/uploads\/2022\/07\/pierres_sejour.jpg\" data-attachment-id=\"187\" class=\"fg-thumb\"><span class=\"fg-image-wrap\"><img decoding=\"async\" width=\"150\" height=\"150\" class=\"skip-lazy fg-image\" data-src-fg=\"https:\/\/moulindeladive.com\/wp-content\/uploads\/cache\/2022\/07\/pierres_sejour\/821839950.jpg\" src=\"data:image\/svg+xml,%3Csvg%20xmlns%3D%22http%3A%2F%2Fwww.w3.org%2F2000%2Fsvg%22%20width%3D%22150%22%20height%3D%22150%22%20viewBox%3D%220%200%20150%20150%22%3E%3C%2Fsvg%3E\" loading=\"eager\"><\/span><span class=\"fg-image-overlay\"><\/span><\/a><figcaption class=\"fg-caption\"><div class=\"fg-caption-inner\"><\/div><\/figcaption><\/figure><div class=\"fg-loader\"><\/div><\/div><div class=\"fg-item fg-type-image fg-idle\"><figure class=\"fg-item-inner\"><a href=\"https:\/\/moulindeladive.com\/wp-content\/uploads\/2022\/07\/facade_pierres-4-1.jpg\" data-attachment-id=\"170\" class=\"fg-thumb\"><span class=\"fg-image-wrap\"><img decoding=\"async\" width=\"150\" height=\"150\" class=\"skip-lazy fg-image\" data-src-fg=\"https:\/\/moulindeladive.com\/wp-content\/uploads\/cache\/2022\/07\/facade_pierres-4-1\/-1389607998.jpg\" src=\"data:image\/svg+xml,%3Csvg%20xmlns%3D%22http%3A%2F%2Fwww.w3.org%2F2000%2Fsvg%22%20width%3D%22150%22%20height%3D%22150%22%20viewBox%3D%220%200%20150%20150%22%3E%3C%2Fsvg%3E\" loading=\"eager\"><\/span><span class=\"fg-image-overlay\"><\/span><\/a><figcaption class=\"fg-caption\"><div class=\"fg-caption-inner\"><\/div><\/figcaption><\/figure><div class=\"fg-loader\"><\/div><\/div><div class=\"fg-item fg-type-image fg-idle\"><figure class=\"fg-item-inner\"><a href=\"https:\/\/moulindeladive.com\/wp-content\/uploads\/2022\/07\/pierres_chambre-2.jpg\" data-attachment-id=\"176\" class=\"fg-thumb\"><span class=\"fg-image-wrap\"><img decoding=\"async\" width=\"150\" height=\"150\" class=\"skip-lazy fg-image\" data-src-fg=\"https:\/\/moulindeladive.com\/wp-content\/uploads\/cache\/2022\/07\/pierres_chambre-2\/100496505.jpg\" src=\"data:image\/svg+xml,%3Csvg%20xmlns%3D%22http%3A%2F%2Fwww.w3.org%2F2000%2Fsvg%22%20width%3D%22150%22%20height%3D%22150%22%20viewBox%3D%220%200%20150%20150%22%3E%3C%2Fsvg%3E\" loading=\"eager\"><\/span><span class=\"fg-image-overlay\"><\/span><\/a><figcaption class=\"fg-caption\"><div class=\"fg-caption-inner\"><\/div><\/figcaption><\/figure><div class=\"fg-loader\"><\/div><\/div><div class=\"fg-item fg-type-image fg-idle\"><figure class=\"fg-item-inner\"><a href=\"https:\/\/moulindeladive.com\/wp-content\/uploads\/2022\/07\/pierres_terrasse.jpg\" data-attachment-id=\"189\" class=\"fg-thumb\"><span class=\"fg-image-wrap\"><img decoding=\"async\" width=\"150\" height=\"150\" class=\"skip-lazy fg-image\" data-src-fg=\"https:\/\/moulindeladive.com\/wp-content\/uploads\/cache\/2022\/07\/pierres_terrasse\/-416798225.jpg\" src=\"data:image\/svg+xml,%3Csvg%20xmlns%3D%22http%3A%2F%2Fwww.w3.org%2F2000%2Fsvg%22%20width%3D%22150%22%20height%3D%22150%22%20viewBox%3D%220%200%20150%20150%22%3E%3C%2Fsvg%3E\" loading=\"eager\"><\/span><span class=\"fg-image-overlay\"><\/span><\/a><figcaption class=\"fg-caption\"><div class=\"fg-caption-inner\"><\/div><\/figcaption><\/figure><div class=\"fg-loader\"><\/div><\/div><div class=\"fg-item fg-type-image fg-idle\"><figure class=\"fg-item-inner\"><a href=\"https:\/\/moulindeladive.com\/wp-content\/uploads\/2022\/07\/facade_pierres.jpg\" data-attachment-id=\"172\" class=\"fg-thumb\"><span class=\"fg-image-wrap\"><img decoding=\"async\" width=\"150\" height=\"150\" class=\"skip-lazy fg-image\" data-src-fg=\"https:\/\/moulindeladive.com\/wp-content\/uploads\/cache\/2022\/07\/facade_pierres\/1729737145.jpg\" src=\"data:image\/svg+xml,%3Csvg%20xmlns%3D%22http%3A%2F%2Fwww.w3.org%2F2000%2Fsvg%22%20width%3D%22150%22%20height%3D%22150%22%20viewBox%3D%220%200%20150%20150%22%3E%3C%2Fsvg%3E\" loading=\"eager\"><\/span><span class=\"fg-image-overlay\"><\/span><\/a><figcaption class=\"fg-caption\"><div class=\"fg-caption-inner\"><\/div><\/figcaption><\/figure><div class=\"fg-loader\"><\/div><\/div><div class=\"fg-item fg-type-image fg-idle\"><figure class=\"fg-item-inner\"><a href=\"https:\/\/moulindeladive.com\/wp-content\/uploads\/2022\/07\/pierres_chambre-4.jpg\" data-attachment-id=\"178\" class=\"fg-thumb\"><span class=\"fg-image-wrap\"><img decoding=\"async\" width=\"150\" height=\"150\" class=\"skip-lazy fg-image\" data-src-fg=\"https:\/\/moulindeladive.com\/wp-content\/uploads\/cache\/2022\/07\/pierres_chambre-4\/-2027467445.jpg\" src=\"data:image\/svg+xml,%3Csvg%20xmlns%3D%22http%3A%2F%2Fwww.w3.org%2F2000%2Fsvg%22%20width%3D%22150%22%20height%3D%22150%22%20viewBox%3D%220%200%20150%20150%22%3E%3C%2Fsvg%3E\" loading=\"eager\"><\/span><span class=\"fg-image-overlay\"><\/span><\/a><figcaption class=\"fg-caption\"><div class=\"fg-caption-inner\"><\/div><\/figcaption><\/figure><div class=\"fg-loader\"><\/div><\/div><div class=\"fg-item fg-type-image fg-idle\"><figure class=\"fg-item-inner\"><a href=\"https:\/\/moulindeladive.com\/wp-content\/uploads\/2022\/07\/pierres_salle_eau.jpg\" data-attachment-id=\"185\" class=\"fg-thumb\"><span class=\"fg-image-wrap\"><img decoding=\"async\" width=\"150\" height=\"150\" class=\"skip-lazy fg-image\" data-src-fg=\"https:\/\/moulindeladive.com\/wp-content\/uploads\/cache\/2022\/07\/pierres_salle_eau\/727432332.jpg\" src=\"data:image\/svg+xml,%3Csvg%20xmlns%3D%22http%3A%2F%2Fwww.w3.org%2F2000%2Fsvg%22%20width%3D%22150%22%20height%3D%22150%22%20viewBox%3D%220%200%20150%20150%22%3E%3C%2Fsvg%3E\" loading=\"eager\"><\/span><span class=\"fg-image-overlay\"><\/span><\/a><figcaption class=\"fg-caption\"><div class=\"fg-caption-inner\"><\/div><\/figcaption><\/figure><div class=\"fg-loader\"><\/div><\/div><div class=\"fg-item fg-type-image fg-idle\"><figure class=\"fg-item-inner\"><a href=\"https:\/\/moulindeladive.com\/wp-content\/uploads\/2022\/07\/pierres_arriere.jpg\" data-attachment-id=\"174\" class=\"fg-thumb\"><span class=\"fg-image-wrap\"><img decoding=\"async\" width=\"150\" height=\"150\" class=\"skip-lazy fg-image\" data-src-fg=\"https:\/\/moulindeladive.com\/wp-content\/uploads\/cache\/2022\/07\/pierres_arriere\/-1375294546.jpg\" src=\"data:image\/svg+xml,%3Csvg%20xmlns%3D%22http%3A%2F%2Fwww.w3.org%2F2000%2Fsvg%22%20width%3D%22150%22%20height%3D%22150%22%20viewBox%3D%220%200%20150%20150%22%3E%3C%2Fsvg%3E\" loading=\"eager\"><\/span><span class=\"fg-image-overlay\"><\/span><\/a><figcaption class=\"fg-caption\"><div class=\"fg-caption-inner\"><\/div><\/figcaption><\/figure><div class=\"fg-loader\"><\/div><\/div><div class=\"fg-item fg-type-image fg-idle\"><figure class=\"fg-item-inner\"><a href=\"https:\/\/moulindeladive.com\/wp-content\/uploads\/2022\/07\/pierres_chambre-2-lits1.jpg\" data-attachment-id=\"175\" class=\"fg-thumb\"><span class=\"fg-image-wrap\"><img decoding=\"async\" width=\"150\" height=\"150\" class=\"skip-lazy fg-image\" data-src-fg=\"https:\/\/moulindeladive.com\/wp-content\/uploads\/cache\/2022\/07\/pierres_chambre-2-lits1\/1328209819.jpg\" src=\"data:image\/svg+xml,%3Csvg%20xmlns%3D%22http%3A%2F%2Fwww.w3.org%2F2000%2Fsvg%22%20width%3D%22150%22%20height%3D%22150%22%20viewBox%3D%220%200%20150%20150%22%3E%3C%2Fsvg%3E\" loading=\"eager\"><\/span><span class=\"fg-image-overlay\"><\/span><\/a><figcaption class=\"fg-caption\"><div class=\"fg-caption-inner\"><\/div><\/figcaption><\/figure><div class=\"fg-loader\"><\/div><\/div><div class=\"fg-item fg-type-image fg-idle\"><figure class=\"fg-item-inner\"><a href=\"https:\/\/moulindeladive.com\/wp-content\/uploads\/2022\/07\/pierres_sejour2.jpg\" data-attachment-id=\"188\" class=\"fg-thumb\"><span class=\"fg-image-wrap\"><img decoding=\"async\" width=\"150\" height=\"150\" class=\"skip-lazy fg-image\" data-src-fg=\"https:\/\/moulindeladive.com\/wp-content\/uploads\/cache\/2022\/07\/pierres_sejour2\/-1004086877.jpg\" src=\"data:image\/svg+xml,%3Csvg%20xmlns%3D%22http%3A%2F%2Fwww.w3.org%2F2000%2Fsvg%22%20width%3D%22150%22%20height%3D%22150%22%20viewBox%3D%220%200%20150%20150%22%3E%3C%2Fsvg%3E\" loading=\"eager\"><\/span><span class=\"fg-image-overlay\"><\/span><\/a><figcaption class=\"fg-caption\"><div class=\"fg-caption-inner\"><\/div><\/figcaption><\/figure><div class=\"fg-loader\"><\/div><\/div><div class=\"fg-item fg-type-image fg-idle\"><figure class=\"fg-item-inner\"><a href=\"https:\/\/moulindeladive.com\/wp-content\/uploads\/2022\/07\/pierres_ext12.jpg\" data-attachment-id=\"180\" class=\"fg-thumb\"><span class=\"fg-image-wrap\"><img decoding=\"async\" width=\"150\" height=\"150\" class=\"skip-lazy fg-image\" data-src-fg=\"https:\/\/moulindeladive.com\/wp-content\/uploads\/cache\/2022\/07\/pierres_ext12\/-1412153894.jpg\" src=\"data:image\/svg+xml,%3Csvg%20xmlns%3D%22http%3A%2F%2Fwww.w3.org%2F2000%2Fsvg%22%20width%3D%22150%22%20height%3D%22150%22%20viewBox%3D%220%200%20150%20150%22%3E%3C%2Fsvg%3E\" loading=\"eager\"><\/span><span class=\"fg-image-overlay\"><\/span><\/a><figcaption class=\"fg-caption\"><div class=\"fg-caption-inner\"><\/div><\/figcaption><\/figure><div class=\"fg-loader\"><\/div><\/div><div class=\"fg-item fg-type-image fg-idle\"><figure class=\"fg-item-inner\"><a href=\"https:\/\/moulindeladive.com\/wp-content\/uploads\/2022\/07\/pierres_salle_eau_PMR.jpg\" data-attachment-id=\"186\" class=\"fg-thumb\"><span class=\"fg-image-wrap\"><img decoding=\"async\" width=\"150\" height=\"150\" class=\"skip-lazy fg-image\" data-src-fg=\"https:\/\/moulindeladive.com\/wp-content\/uploads\/cache\/2022\/07\/pierres_salle_eau_PMR\/-899813634.jpg\" src=\"data:image\/svg+xml,%3Csvg%20xmlns%3D%22http%3A%2F%2Fwww.w3.org%2F2000%2Fsvg%22%20width%3D%22150%22%20height%3D%22150%22%20viewBox%3D%220%200%20150%20150%22%3E%3C%2Fsvg%3E\" loading=\"eager\"><\/span><span class=\"fg-image-overlay\"><\/span><\/a><figcaption class=\"fg-caption\"><div class=\"fg-caption-inner\"><\/div><\/figcaption><\/figure><div class=\"fg-loader\"><\/div><\/div><div class=\"fg-item fg-type-image fg-idle\"><figure class=\"fg-item-inner\"><a href=\"https:\/\/moulindeladive.com\/wp-content\/uploads\/2022\/07\/pierres_1.jpg\" data-attachment-id=\"173\" class=\"fg-thumb\"><span class=\"fg-image-wrap\"><img decoding=\"async\" width=\"150\" height=\"150\" class=\"skip-lazy fg-image\" data-src-fg=\"https:\/\/moulindeladive.com\/wp-content\/uploads\/cache\/2022\/07\/pierres_1\/1137095212.jpg\" src=\"data:image\/svg+xml,%3Csvg%20xmlns%3D%22http%3A%2F%2Fwww.w3.org%2F2000%2Fsvg%22%20width%3D%22150%22%20height%3D%22150%22%20viewBox%3D%220%200%20150%20150%22%3E%3C%2Fsvg%3E\" loading=\"eager\"><\/span><span class=\"fg-image-overlay\"><\/span><\/a><figcaption class=\"fg-caption\"><div class=\"fg-caption-inner\"><\/div><\/figcaption><\/figure><div class=\"fg-loader\"><\/div><\/div><div class=\"fg-item fg-type-image fg-idle\"><figure class=\"fg-item-inner\"><a href=\"https:\/\/moulindeladive.com\/wp-content\/uploads\/2022\/07\/pierres_terrasse_appentis.jpg\" data-attachment-id=\"190\" class=\"fg-thumb\"><span class=\"fg-image-wrap\"><img decoding=\"async\" width=\"150\" height=\"150\" class=\"skip-lazy fg-image\" data-src-fg=\"https:\/\/moulindeladive.com\/wp-content\/uploads\/cache\/2022\/07\/pierres_terrasse_appentis\/-439307976.jpg\" src=\"data:image\/svg+xml,%3Csvg%20xmlns%3D%22http%3A%2F%2Fwww.w3.org%2F2000%2Fsvg%22%20width%3D%22150%22%20height%3D%22150%22%20viewBox%3D%220%200%20150%20150%22%3E%3C%2Fsvg%3E\" loading=\"eager\"><\/span><span class=\"fg-image-overlay\"><\/span><\/a><figcaption class=\"fg-caption\"><div class=\"fg-caption-inner\"><\/div><\/figcaption><\/figure><div class=\"fg-loader\"><\/div><\/div><div class=\"fg-item fg-type-image fg-idle\"><figure class=\"fg-item-inner\"><a href=\"https:\/\/moulindeladive.com\/wp-content\/uploads\/2022\/07\/facade_pierres-horizontale.jpg\" data-attachment-id=\"171\" class=\"fg-thumb\"><span class=\"fg-image-wrap\"><img decoding=\"async\" width=\"150\" height=\"150\" class=\"skip-lazy fg-image\" data-src-fg=\"https:\/\/moulindeladive.com\/wp-content\/uploads\/cache\/2022\/07\/facade_pierres-horizontale\/169046672.jpg\" src=\"data:image\/svg+xml,%3Csvg%20xmlns%3D%22http%3A%2F%2Fwww.w3.org%2F2000%2Fsvg%22%20width%3D%22150%22%20height%3D%22150%22%20viewBox%3D%220%200%20150%20150%22%3E%3C%2Fsvg%3E\" loading=\"eager\"><\/span><span class=\"fg-image-overlay\"><\/span><\/a><figcaption class=\"fg-caption\"><div class=\"fg-caption-inner\"><\/div><\/figcaption><\/figure><div class=\"fg-loader\"><\/div><\/div><div class=\"fg-item fg-type-image fg-idle\"><figure class=\"fg-item-inner\"><a href=\"https:\/\/moulindeladive.com\/wp-content\/uploads\/2022\/07\/pierres_chambre-PMR.jpg\" data-attachment-id=\"179\" class=\"fg-thumb\"><span class=\"fg-image-wrap\"><img decoding=\"async\" width=\"150\" height=\"150\" class=\"skip-lazy fg-image\" data-src-fg=\"https:\/\/moulindeladive.com\/wp-content\/uploads\/cache\/2022\/07\/pierres_chambre-PMR\/896688853.jpg\" src=\"data:image\/svg+xml,%3Csvg%20xmlns%3D%22http%3A%2F%2Fwww.w3.org%2F2000%2Fsvg%22%20width%3D%22150%22%20height%3D%22150%22%20viewBox%3D%220%200%20150%20150%22%3E%3C%2Fsvg%3E\" loading=\"eager\"><\/span><span class=\"fg-image-overlay\"><\/span><\/a><figcaption class=\"fg-caption\"><div class=\"fg-caption-inner\"><\/div><\/figcaption><\/figure><div class=\"fg-loader\"><\/div><\/div><div class=\"fg-item fg-type-image fg-idle\"><figure class=\"fg-item-inner\"><a href=\"https:\/\/moulindeladive.com\/wp-content\/uploads\/2022\/07\/pierres_chambre-3.jpg\" data-attachment-id=\"177\" class=\"fg-thumb\"><span class=\"fg-image-wrap\"><img decoding=\"async\" width=\"150\" height=\"150\" class=\"skip-lazy fg-image\" data-src-fg=\"https:\/\/moulindeladive.com\/wp-content\/uploads\/cache\/2022\/07\/pierres_chambre-3\/1821122223.jpg\" src=\"data:image\/svg+xml,%3Csvg%20xmlns%3D%22http%3A%2F%2Fwww.w3.org%2F2000%2Fsvg%22%20width%3D%22150%22%20height%3D%22150%22%20viewBox%3D%220%200%20150%20150%22%3E%3C%2Fsvg%3E\" loading=\"eager\"><\/span><span class=\"fg-image-overlay\"><\/span><\/a><figcaption class=\"fg-caption\"><div class=\"fg-caption-inner\"><\/div><\/figcaption><\/figure><div class=\"fg-loader\"><\/div><\/div><div class=\"fg-item fg-type-image fg-idle\"><figure class=\"fg-item-inner\"><a href=\"https:\/\/moulindeladive.com\/wp-content\/uploads\/2022\/07\/pierres_facade2-horizontale.jpg\" data-attachment-id=\"182\" class=\"fg-thumb\"><span class=\"fg-image-wrap\"><img decoding=\"async\" width=\"150\" height=\"150\" class=\"skip-lazy fg-image\" data-src-fg=\"https:\/\/moulindeladive.com\/wp-content\/uploads\/cache\/2022\/07\/pierres_facade2-horizontale\/-808209827.jpg\" src=\"data:image\/svg+xml,%3Csvg%20xmlns%3D%22http%3A%2F%2Fwww.w3.org%2F2000%2Fsvg%22%20width%3D%22150%22%20height%3D%22150%22%20viewBox%3D%220%200%20150%20150%22%3E%3C%2Fsvg%3E\" loading=\"eager\"><\/span><span class=\"fg-image-overlay\"><\/span><\/a><figcaption class=\"fg-caption\"><div class=\"fg-caption-inner\"><\/div><\/figcaption><\/figure><div class=\"fg-loader\"><\/div><\/div><div class=\"fg-item fg-type-image fg-idle\"><figure class=\"fg-item-inner\"><a href=\"https:\/\/moulindeladive.com\/wp-content\/uploads\/2022\/07\/pierres_jardin.jpg\" data-attachment-id=\"183\" class=\"fg-thumb\"><span class=\"fg-image-wrap\"><img decoding=\"async\" width=\"150\" height=\"150\" class=\"skip-lazy fg-image\" data-src-fg=\"https:\/\/moulindeladive.com\/wp-content\/uploads\/cache\/2022\/07\/pierres_jardin\/816055327.jpg\" src=\"data:image\/svg+xml,%3Csvg%20xmlns%3D%22http%3A%2F%2Fwww.w3.org%2F2000%2Fsvg%22%20width%3D%22150%22%20height%3D%22150%22%20viewBox%3D%220%200%20150%20150%22%3E%3C%2Fsvg%3E\" loading=\"eager\"><\/span><span class=\"fg-image-overlay\"><\/span><\/a><figcaption class=\"fg-caption\"><div class=\"fg-caption-inner\"><\/div><\/figcaption><\/figure><div class=\"fg-loader\"><\/div><\/div><div class=\"fg-item fg-type-image fg-idle\"><figure class=\"fg-item-inner\"><a href=\"https:\/\/moulindeladive.com\/wp-content\/uploads\/2022\/07\/pierres_pignon.jpg\" data-attachment-id=\"184\" class=\"fg-thumb\"><span class=\"fg-image-wrap\"><img decoding=\"async\" width=\"150\" height=\"150\" class=\"skip-lazy fg-image\" data-src-fg=\"https:\/\/moulindeladive.com\/wp-content\/uploads\/cache\/2022\/07\/pierres_pignon\/-820899944.jpg\" src=\"data:image\/svg+xml,%3Csvg%20xmlns%3D%22http%3A%2F%2Fwww.w3.org%2F2000%2Fsvg%22%20width%3D%22150%22%20height%3D%22150%22%20viewBox%3D%220%200%20150%20150%22%3E%3C%2Fsvg%3E\" loading=\"eager\"><\/span><span class=\"fg-image-overlay\"><\/span><\/a><figcaption class=\"fg-caption\"><div class=\"fg-caption-inner\"><\/div><\/figcaption><\/figure><div class=\"fg-loader\"><\/div><\/div><\/div>\r\n<\/p>\n","protected":false},"excerpt":{"rendered":"<p>Gite des pierres de la Dive pour 10 personnes **** 4 \u00e9pis 130m2 &#8211; 10 personnes &#8211; 5 chambres &#8211; 2 &#8211; 2 &#8211; 4 90X190 &#8211; 3 140&#215;190 g\u00eete ind\u00e9pendant compos\u00e9 d&rsquo;un ensemble de 2 granges r\u00e9nov\u00e9es am\u00e9nag\u00e9 sur deux niveaux reli\u00e9s par quelques marches il est compos\u00e9 d&rsquo;une grande pi\u00e8ce de vie comprenant&hellip; <br \/> <a class=\"read-more\" href=\"https:\/\/moulindeladive.com\/?page_id=34\">Lire la suite<\/a><\/p>\n","protected":false},"author":1,"featured_media":0,"parent":0,"menu_order":0,"comment_status":"closed","ping_status":"closed","template":"","meta":{"footnotes":""},"class_list":["post-34","page","type-page","status-publish","hentry"],"_links":{"self":[{"href":"https:\/\/moulindeladive.com\/index.php?rest_route=\/wp\/v2\/pages\/34","targetHints":{"allow":["GET"]}}],"collection":[{"href":"https:\/\/moulindeladive.com\/index.php?rest_route=\/wp\/v2\/pages"}],"about":[{"href":"https:\/\/moulindeladive.com\/index.php?rest_route=\/wp\/v2\/types\/page"}],"author":[{"embeddable":true,"href":"https:\/\/moulindeladive.com\/index.php?rest_route=\/wp\/v2\/users\/1"}],"replies":[{"embeddable":true,"href":"https:\/\/moulindeladive.com\/index.php?rest_route=%2Fwp%2Fv2%2Fcomments&post=34"}],"version-history":[{"count":14,"href":"https:\/\/moulindeladive.com\/index.php?rest_route=\/wp\/v2\/pages\/34\/revisions"}],"predecessor-version":[{"id":269,"href":"https:\/\/moulindeladive.com\/index.php?rest_route=\/wp\/v2\/pages\/34\/revisions\/269"}],"wp:attachment":[{"href":"https:\/\/moulindeladive.com\/index.php?rest_route=%2Fwp%2Fv2%2Fmedia&parent=34"}],"curies":[{"name":"wp","href":"https:\/\/api.w.org\/{rel}","templated":true}]}}