{"id":40,"date":"2022-07-04T16:43:02","date_gmt":"2022-07-04T14:43:02","guid":{"rendered":"http:\/\/moulindeladive.com\/?page_id=40"},"modified":"2022-07-27T12:13:20","modified_gmt":"2022-07-27T10:13:20","slug":"contact","status":"publish","type":"page","link":"https:\/\/moulindeladive.com\/?page_id=40","title":{"rendered":"Contact"},"content":{"rendered":"\n<p class=\"has-text-align-center has-black-color has-text-color\" style=\"font-style:normal;font-weight:500\">10  lieudit Guron &#8211; Payr\u00e9 &#8211; 86700 Valence en Poitou    &#8211;  <img loading=\"lazy\" decoding=\"async\" width=\"25\" height=\"30\" class=\"wp-image-73\" style=\"width: 25px;\" src=\"https:\/\/moulindeladive.com\/wp-content\/uploads\/2022\/07\/logo_tel.png\" alt=\"\">  +33 (0)5 49 03 10 69 <\/p>\n\n\n\n<p class=\"has-text-align-center has-black-color has-text-color\" style=\"font-style:normal;font-weight:500\"><img loading=\"lazy\" decoding=\"async\" width=\"250\" height=\"21\" class=\"wp-image-204\" style=\"width: 250px;\" src=\"https:\/\/moulindeladive.com\/wp-content\/uploads\/2022\/07\/Image_contact-1.png\" alt=\"\" srcset=\"https:\/\/moulindeladive.com\/wp-content\/uploads\/2022\/07\/Image_contact-1.png 553w, https:\/\/moulindeladive.com\/wp-content\/uploads\/2022\/07\/Image_contact-1-300x25.png 300w\" sizes=\"auto, (max-width: 250px) 100vw, 250px\" \/><\/p>\n\n\n\n<p class=\"has-text-align-center has-black-color has-text-color\" style=\"font-size:17px;font-style:normal;font-weight:500\">\u00e0 5 minutes de la sortie 37 RN10, \u00e0 20 minutes de l&rsquo;entr\u00e9e de Poitiers<\/p>\n\n\n\n<p class=\"has-text-align-center\"><div id=\"lmm_084e0670\" style=\"width:80%;\" class=\"mapsmarker markermap marker-1\">\n<div id=\"lmm_panel_084e0670\" class=\"lmm-panel\" style=\"background:#efefef;\">\n<div id=\"lmm_panel_api_084e0670\" class=\"lmm-panel-api\"><a href=\"https:\/\/maps.google.com\/maps?daddr=10+Guron+Nouvelle-Aquitaine%2C+France&amp;t=m&amp;layer=1&amp;doflg=ptk&amp;om=0\" target=\"_blank\" title=\"Obtenir l&#039;itin\u00e9raire\"><img loading=\"lazy\" decoding=\"async\" alt=\"icon-car.png\" src=\"https:\/\/moulindeladive.com\/wp-content\/plugins\/leaflet-maps-marker\/inc\/img\/icon-car.png\" width=\"14\" height=\"14\" class=\"lmm-panel-api-images\" \/><\/a><a href=\"https:\/\/moulindeladive.com\/wp-content\/plugins\/leaflet-maps-marker\/leaflet-fullscreen.php?marker=1\" style=\"text-decoration:none;\" title=\"Ouvrir la carte toute seule en mode plein \u00e9cran\" target=\"_blank\"><img loading=\"lazy\" decoding=\"async\" src=\"https:\/\/moulindeladive.com\/wp-content\/plugins\/leaflet-maps-marker\/inc\/img\/icon-fullscreen.png\" width=\"14\" height=\"14\" alt=\"Fullscreen-Logo\" class=\"lmm-panel-api-images\" \/><\/a><\/div><div id=\"lmm_panel_text_084e0670\" class=\"lmm-panel-text\" style=\"font-weight:bold;color:#373737;\">Moulin de la Dive<\/div><\/div>\n<div id=\"lmm_map_084e0670\" class=\"lmm-map\" style=\"background:#f6f6f6;border:1px solid #ccc;height:480px; overflow:hidden;padding:0;\"><p style=\"font-size:80%;color:#9f9e9e;margin-left:5px;\">chargement de la carte - veuillez patienter...<noscript><br\/><strong>La carte ne peut \u00eatre charg\u00e9e - s'il vous pla\u00eet activer Javascript !<\/strong><br\/><a style=\"text-decoration:none;\" href=\"https:\/\/www.mapsmarker.com\/js-disabled\" target=\"_blank\">&rarr; plus d'informations<\/a><\/noscript><\/p><\/div>\n<div id=\"lmm_geo_tags_084e0670\" class=\"lmm-geo-tags geo\">\n<span class=\"paneltext\">Moulin de la Dive<\/span>\n<span class=\"latitude\">46.351193<\/span>, <span class=\"longitude\">0.222044<\/span>\n<span class=\"popuptext\"><\/span>\n<\/div>\n<\/div><\/p>\n\n\n\n<p class=\"has-text-align-center has-small-font-size\"> <a href=\"https:\/\/moulindeladive.com\/?page_id=201\">Mentions l\u00e9gales<\/a><\/p>\n\n\n\n<p><\/p>\n","protected":false},"excerpt":{"rendered":"<p>10 lieudit Guron &#8211; Payr\u00e9 &#8211; 86700 Valence en Poitou &#8211; +33 (0)5 49 03 10 69 \u00e0 5 minutes de la sortie 37 RN10, \u00e0 20 minutes de l&rsquo;entr\u00e9e de Poitiers Mentions l\u00e9gales<\/p>\n","protected":false},"author":1,"featured_media":0,"parent":0,"menu_order":0,"comment_status":"closed","ping_status":"closed","template":"","meta":{"footnotes":""},"class_list":["post-40","page","type-page","status-publish","hentry"],"_links":{"self":[{"href":"https:\/\/moulindeladive.com\/index.php?rest_route=\/wp\/v2\/pages\/40","targetHints":{"allow":["GET"]}}],"collection":[{"href":"https:\/\/moulindeladive.com\/index.php?rest_route=\/wp\/v2\/pages"}],"about":[{"href":"https:\/\/moulindeladive.com\/index.php?rest_route=\/wp\/v2\/types\/page"}],"author":[{"embeddable":true,"href":"https:\/\/moulindeladive.com\/index.php?rest_route=\/wp\/v2\/users\/1"}],"replies":[{"embeddable":true,"href":"https:\/\/moulindeladive.com\/index.php?rest_route=%2Fwp%2Fv2%2Fcomments&post=40"}],"version-history":[{"count":10,"href":"https:\/\/moulindeladive.com\/index.php?rest_route=\/wp\/v2\/pages\/40\/revisions"}],"predecessor-version":[{"id":210,"href":"https:\/\/moulindeladive.com\/index.php?rest_route=\/wp\/v2\/pages\/40\/revisions\/210"}],"wp:attachment":[{"href":"https:\/\/moulindeladive.com\/index.php?rest_route=%2Fwp%2Fv2%2Fmedia&parent=40"}],"curies":[{"name":"wp","href":"https:\/\/api.w.org\/{rel}","templated":true}]}}