{"id":56,"date":"2022-07-04T16:56:30","date_gmt":"2022-07-04T14:56:30","guid":{"rendered":"http:\/\/moulindeladive.com\/?page_id=56"},"modified":"2025-12-09T16:14:30","modified_gmt":"2025-12-09T15:14:30","slug":"mesmerize","status":"publish","type":"page","link":"https:\/\/moulindeladive.com\/","title":{"rendered":"Front Page"},"content":{"rendered":"<div id=\"about-1\" class=\"about-1 content-section\" style=\"background-color: #f5fafd;\" data-label=\"About\" data-id=\"about--1\" data-export-id=\"about-1\" data-category=\"about\">\n<div class=\"gridContainer\">\n<div class=\"row text-center\">\n<div class=\"section-title-col\" data-type=\"column\">\n<h5 class=\"\">3 gites de 2 \u00e0 10 personnes<\/h5>\n<h2 class=\"\">Profitez du calme et de la nature sur le site d\u2019un ancien moulin<\/h2>\n<p class=\"lead\"><\/p>\n\n<\/div>\n<\/div>\n<\/div>\n<\/div>\n<div id=\"content-1\" class=\"content-12 content-section content-section-spacing\" style=\"background-color: #ffffff;\" data-label=\"Content\" data-id=\"content--1\" data-export-id=\"content-12\" data-category=\"content\">\n<div class=\"gridContainer\">\n<div class=\"row text-center\">\n<div class=\"section-title-col\" data-type=\"column\">\n<p class=\"lead\" style=\"text-align: center;\">Nos gites associent le <strong>charme de l\u2019ancien<\/strong> et le <strong>confort d\u2019aujourd\u2019hui<\/strong>.\nVous vous trouverez dans un <strong>\u00e9crin de verdure<\/strong> tr\u00e8s facile d\u2019acc\u00e8s avec de nombreuses <strong>activit\u00e9s nature<\/strong> ou <strong>culturelles<\/strong> \u00e0 proximit\u00e9,\nVenez d\u00e9couvrir les sites touristiques tels que la <strong>vall\u00e9e des singes<\/strong>, le <strong>Futuroscope<\/strong>, et bien d\u2019autres,<\/p>\n<p class=\"lead\" style=\"text-align: center;\">Possibilit\u00e9 de randonn\u00e9es \u00e0 partir du g\u00eete<\/p>\n<p class=\"lead\" style=\"text-align: center;\">Deux de nos gites sont agr\u00e9es \u00ab\u00a0<strong>Tourisme et handicap<\/strong>\u00a0\u00bb avec acc\u00e8s <strong>PMR<\/strong> pour le g\u00eete de 10 personnes<\/p>\n&nbsp;\n\n<\/div>\n<\/div>\n<div class=\"row center-xs middle-xs\">\n<div class=\"col-sm-9\" data-type=\"column\"><img loading=\"lazy\" decoding=\"async\" class=\"wp-image-29 aligncenter\" src=\"https:\/\/moulindeladive.com\/wp-content\/uploads\/2022\/07\/logo_TH.jpg\" alt=\"\" width=\"168\" height=\"119\" \/><\/div>\n<\/div>\n<\/div>\n<\/div>\n<!--?php echo mesmerize_get_footer_copyright(); ?-->","protected":false},"excerpt":{"rendered":"<p>3 gites de 2 \u00e0 10 personnes Profitez du calme et de la nature sur le site d\u2019un ancien moulin Nos gites associent le charme de l\u2019ancien et le confort d\u2019aujourd\u2019hui. Vous vous trouverez dans un \u00e9crin de verdure tr\u00e8s facile d\u2019acc\u00e8s avec de nombreuses activit\u00e9s nature ou culturelles \u00e0 proximit\u00e9, Venez d\u00e9couvrir les sites&hellip; <br \/> <a class=\"read-more\" href=\"https:\/\/moulindeladive.com\/\">Lire la suite<\/a><\/p>\n","protected":false},"author":1,"featured_media":0,"parent":0,"menu_order":0,"comment_status":"closed","ping_status":"closed","template":"page-templates\/homepage.php","meta":{"footnotes":""},"class_list":["post-56","page","type-page","status-publish","hentry"],"_links":{"self":[{"href":"https:\/\/moulindeladive.com\/index.php?rest_route=\/wp\/v2\/pages\/56","targetHints":{"allow":["GET"]}}],"collection":[{"href":"https:\/\/moulindeladive.com\/index.php?rest_route=\/wp\/v2\/pages"}],"about":[{"href":"https:\/\/moulindeladive.com\/index.php?rest_route=\/wp\/v2\/types\/page"}],"author":[{"embeddable":true,"href":"https:\/\/moulindeladive.com\/index.php?rest_route=\/wp\/v2\/users\/1"}],"replies":[{"embeddable":true,"href":"https:\/\/moulindeladive.com\/index.php?rest_route=%2Fwp%2Fv2%2Fcomments&post=56"}],"version-history":[{"count":12,"href":"https:\/\/moulindeladive.com\/index.php?rest_route=\/wp\/v2\/pages\/56\/revisions"}],"predecessor-version":[{"id":276,"href":"https:\/\/moulindeladive.com\/index.php?rest_route=\/wp\/v2\/pages\/56\/revisions\/276"}],"wp:attachment":[{"href":"https:\/\/moulindeladive.com\/index.php?rest_route=%2Fwp%2Fv2%2Fmedia&parent=56"}],"curies":[{"name":"wp","href":"https:\/\/api.w.org\/{rel}","templated":true}]}}